{"id":5450,"date":"2023-04-25T15:58:30","date_gmt":"2023-04-25T15:58:30","guid":{"rendered":"https:\/\/animationdirectory.ca\/?page_id=5450"},"modified":"2024-05-03T14:32:58","modified_gmt":"2024-05-03T14:32:58","slug":"how-to-get-listed","status":"publish","type":"page","link":"https:\/\/animationdirectory.ca\/fr\/how-to-get-listed\/","title":{"rendered":"Comment Faire Partie"},"content":{"rendered":"<div data-elementor-type=\"wp-page\" data-elementor-id=\"5450\" class=\"elementor elementor-5450\">\n\t\t\t\t\t\t<section class=\"elementor-section elementor-top-section elementor-element elementor-element-ecc5e82 elementor-section-boxed elementor-section-height-default elementor-section-height-default\" data-id=\"ecc5e82\" data-element_type=\"section\" data-e-type=\"section\">\n\t\t\t\t\t\t<div class=\"elementor-container elementor-column-gap-default\">\n\t\t\t\t\t<div class=\"elementor-column elementor-col-100 elementor-top-column elementor-element elementor-element-55a8c0e\" data-id=\"55a8c0e\" data-element_type=\"column\" data-e-type=\"column\">\n\t\t\t<div class=\"elementor-widget-wrap elementor-element-populated\">\n\t\t\t\t\t\t<div class=\"elementor-element elementor-element-5b08fab elementor-widget elementor-widget-spacer\" data-id=\"5b08fab\" data-element_type=\"widget\" data-e-type=\"widget\" data-widget_type=\"spacer.default\">\n\t\t\t\t<div class=\"elementor-widget-container\">\n\t\t\t\t\t\t\t<div class=\"elementor-spacer\">\n\t\t\t<div class=\"elementor-spacer-inner\"><\/div>\n\t\t<\/div>\n\t\t\t\t\t\t<\/div>\n\t\t\t\t<\/div>\n\t\t\t\t\t<\/div>\n\t\t<\/div>\n\t\t\t\t\t<\/div>\n\t\t<\/section>\n\t\t\t\t<section class=\"elementor-section elementor-top-section elementor-element elementor-element-6b71a2f elementor-section-boxed elementor-section-height-default elementor-section-height-default\" data-id=\"6b71a2f\" data-element_type=\"section\" data-e-type=\"section\">\n\t\t\t\t\t\t<div class=\"elementor-container elementor-column-gap-default\">\n\t\t\t\t\t<div class=\"elementor-column elementor-col-100 elementor-top-column elementor-element elementor-element-55f6aa9\" data-id=\"55f6aa9\" data-element_type=\"column\" data-e-type=\"column\">\n\t\t\t<div class=\"elementor-widget-wrap elementor-element-populated\">\n\t\t\t\t\t\t<div class=\"elementor-element elementor-element-f435160 elementor-widget elementor-widget-text-editor\" data-id=\"f435160\" data-element_type=\"widget\" data-e-type=\"widget\" data-widget_type=\"text-editor.default\">\n\t\t\t\t<div class=\"elementor-widget-container\">\n\t\t\t\t\t\t\t\t\t<p style=\"font-size: 20px; letter-spacing: 0.3px; text-align: left;\">The Canadian Animation Directory is an exhaustive and indispensable website<br \/>for individuals and companies wishing to discover the Canadian animation<br \/>industry.<\/p><p style=\"font-size: 20px; letter-spacing: 0.3px; text-align: left;\">The site is researched and updated by the team at the Ottawa International Animation Festival.<\/p><p style=\"font-size: 20px; letter-spacing: 0.3px; text-align: left;\">All qualified Canadian animation professionals, individuals, and companies get one <b>FREE\u00a0Basic Listing which comes with one category and one feature (sub-category).<\/b><\/p>\t\t\t\t\t\t\t\t<\/div>\n\t\t\t\t<\/div>\n\t\t\t\t\t<\/div>\n\t\t<\/div>\n\t\t\t\t\t<\/div>\n\t\t<\/section>\n\t\t\t\t<section class=\"elementor-section elementor-top-section elementor-element elementor-element-f15fc7a elementor-section-boxed elementor-section-height-default elementor-section-height-default\" data-id=\"f15fc7a\" data-element_type=\"section\" data-e-type=\"section\">\n\t\t\t\t\t\t<div class=\"elementor-container elementor-column-gap-default\">\n\t\t\t\t\t<div class=\"elementor-column elementor-col-100 elementor-top-column elementor-element elementor-element-5c1dce1\" data-id=\"5c1dce1\" data-element_type=\"column\" data-e-type=\"column\">\n\t\t\t<div class=\"elementor-widget-wrap elementor-element-populated\">\n\t\t\t\t\t\t<div class=\"elementor-element elementor-element-bc113ed elementor-widget elementor-widget-heading\" data-id=\"bc113ed\" data-element_type=\"widget\" data-e-type=\"widget\" data-widget_type=\"heading.default\">\n\t\t\t\t<div class=\"elementor-widget-container\">\n\t\t\t\t\t<h2 class=\"elementor-heading-title elementor-size-default\">Comment faire partie d\u2019un r\u00e9pertoire?<\/h2>\t\t\t\t<\/div>\n\t\t\t\t<\/div>\n\t\t\t\t\t<\/div>\n\t\t<\/div>\n\t\t\t\t\t<\/div>\n\t\t<\/section>\n\t\t\t\t<section class=\"elementor-section elementor-top-section elementor-element elementor-element-cbb473f elementor-section-boxed elementor-section-height-default elementor-section-height-default\" data-id=\"cbb473f\" data-element_type=\"section\" data-e-type=\"section\">\n\t\t\t\t\t\t<div class=\"elementor-container elementor-column-gap-default\">\n\t\t\t\t\t<div class=\"elementor-column elementor-col-100 elementor-top-column elementor-element elementor-element-3a88869\" data-id=\"3a88869\" data-element_type=\"column\" data-e-type=\"column\">\n\t\t\t<div class=\"elementor-widget-wrap elementor-element-populated\">\n\t\t\t\t\t\t<div class=\"elementor-element elementor-element-1bc50bf elementor-widget elementor-widget-text-editor\" data-id=\"1bc50bf\" data-element_type=\"widget\" data-e-type=\"widget\" data-widget_type=\"text-editor.default\">\n\t\t\t\t<div class=\"elementor-widget-container\">\n\t\t\t\t\t\t\t\t\t<p><span style=\"font-size: 20px; letter-spacing: 0.3px;\">Tapez \u00ab Ajouter un r\u00e9pertoire \u00bb et s\u00e9lectionnez le plan qui vous convient.<\/span><\/p>\n<p><span style=\"font-size: 20px; letter-spacing: 0.3px;\">Now you can add your information.<\/span><\/p>\t\t\t\t\t\t\t\t<\/div>\n\t\t\t\t<\/div>\n\t\t\t\t\t<\/div>\n\t\t<\/div>\n\t\t\t\t\t<\/div>\n\t\t<\/section>\n\t\t\t\t<section class=\"elementor-section elementor-top-section elementor-element elementor-element-472a6ca elementor-section-boxed elementor-section-height-default elementor-section-height-default\" data-id=\"472a6ca\" data-element_type=\"section\" data-e-type=\"section\">\n\t\t\t\t\t\t<div class=\"elementor-container elementor-column-gap-default\">\n\t\t\t\t\t<div class=\"elementor-column elementor-col-100 elementor-top-column elementor-element elementor-element-0f1fe1f\" data-id=\"0f1fe1f\" data-element_type=\"column\" data-e-type=\"column\">\n\t\t\t<div class=\"elementor-widget-wrap elementor-element-populated\">\n\t\t\t\t\t\t<div class=\"elementor-element elementor-element-55b94c3 elementor-widget elementor-widget-heading\" data-id=\"55b94c3\" data-element_type=\"widget\" data-e-type=\"widget\" data-widget_type=\"heading.default\">\n\t\t\t\t<div class=\"elementor-widget-container\">\n\t\t\t\t\t<h2 class=\"elementor-heading-title elementor-size-default\">Ce que tu vas:<\/h2>\t\t\t\t<\/div>\n\t\t\t\t<\/div>\n\t\t\t\t\t<\/div>\n\t\t<\/div>\n\t\t\t\t\t<\/div>\n\t\t<\/section>\n\t\t\t\t<section class=\"elementor-section elementor-top-section elementor-element elementor-element-df51f66 elementor-section-boxed elementor-section-height-default elementor-section-height-default\" data-id=\"df51f66\" data-element_type=\"section\" data-e-type=\"section\">\n\t\t\t\t\t\t<div class=\"elementor-container elementor-column-gap-default\">\n\t\t\t\t\t<div class=\"elementor-column elementor-col-100 elementor-top-column elementor-element elementor-element-179a26b\" data-id=\"179a26b\" data-element_type=\"column\" data-e-type=\"column\">\n\t\t\t<div class=\"elementor-widget-wrap elementor-element-populated\">\n\t\t\t\t\t\t<div class=\"elementor-element elementor-element-a5bd5ad elementor-widget elementor-widget-text-editor\" data-id=\"a5bd5ad\" data-element_type=\"widget\" data-e-type=\"widget\" data-widget_type=\"text-editor.default\">\n\t\t\t\t<div class=\"elementor-widget-container\">\n\t\t\t\t\t\t\t\t\t<div>\u00a0<\/div><ol><li><span style=\"font-size: 20px; letter-spacing: 0.3px;\"><strong>\u00a0Une description de la compagnie (150 mots ou moins)\u00a0<\/strong><\/span><\/li><li><span style=\"font-size: 20px; letter-spacing: 0.3px;\"><strong>\u00a0M\u00e9dias sociaux<\/strong><\/span><\/li><li><span style=\"font-size: 20px; letter-spacing: 0.3px;\"><strong>COORDONN\u00c9ES<\/strong><\/span><\/li><li><span style=\"font-size: 20px; letter-spacing: 0.3px;\"><strong>Make sure your category and one feature (sub-category) are correct.<\/strong><\/span><\/li><li><span style=\"font-size: 20px; letter-spacing: 0.3px;\"><strong><span style=\"letter-spacing: 0.3px;\">For Enhanced Listings:\u00a0 Your logo (Preferred format .png file, 150 Pixels) (Additional charge)<\/span><br \/><\/strong><\/span><\/li><\/ol>\t\t\t\t\t\t\t\t<\/div>\n\t\t\t\t<\/div>\n\t\t\t\t\t<\/div>\n\t\t<\/div>\n\t\t\t\t\t<\/div>\n\t\t<\/section>\n\t\t\t\t<section class=\"elementor-section elementor-top-section elementor-element elementor-element-0ddaba8 elementor-section-boxed elementor-section-height-default elementor-section-height-default\" data-id=\"0ddaba8\" data-element_type=\"section\" data-e-type=\"section\">\n\t\t\t\t\t\t<div class=\"elementor-container elementor-column-gap-default\">\n\t\t\t\t\t<div class=\"elementor-column elementor-col-100 elementor-top-column elementor-element elementor-element-f6d4ee5\" data-id=\"f6d4ee5\" data-element_type=\"column\" data-e-type=\"column\">\n\t\t\t<div class=\"elementor-widget-wrap elementor-element-populated\">\n\t\t\t\t\t\t<div class=\"elementor-element elementor-element-b9d7248 elementor-widget elementor-widget-heading\" data-id=\"b9d7248\" data-element_type=\"widget\" data-e-type=\"widget\" data-widget_type=\"heading.default\">\n\t\t\t\t<div class=\"elementor-widget-container\">\n\t\t\t\t\t<h2 class=\"elementor-heading-title elementor-size-default\">Vous avez besoin d\u2019un r\u00e9pertoire de base suppl\u00e9mentaire?<\/h2>\t\t\t\t<\/div>\n\t\t\t\t<\/div>\n\t\t\t\t\t<\/div>\n\t\t<\/div>\n\t\t\t\t\t<\/div>\n\t\t<\/section>\n\t\t\t\t<section class=\"elementor-section elementor-top-section elementor-element elementor-element-f43905f elementor-section-boxed elementor-section-height-default elementor-section-height-default\" data-id=\"f43905f\" data-element_type=\"section\" data-e-type=\"section\">\n\t\t\t\t\t\t<div class=\"elementor-container elementor-column-gap-default\">\n\t\t\t\t\t<div class=\"elementor-column elementor-col-100 elementor-top-column elementor-element elementor-element-439d47d\" data-id=\"439d47d\" data-element_type=\"column\" data-e-type=\"column\">\n\t\t\t<div class=\"elementor-widget-wrap elementor-element-populated\">\n\t\t\t\t\t\t<div class=\"elementor-element elementor-element-6a0abbb elementor-widget elementor-widget-text-editor\" data-id=\"6a0abbb\" data-element_type=\"widget\" data-e-type=\"widget\" data-widget_type=\"text-editor.default\">\n\t\t\t\t<div class=\"elementor-widget-container\">\n\t\t\t\t\t\t\t\t\t<p><span style=\"font-size: 20px; letter-spacing: 0.3px;\">For $25 you can add an extra listing with one category and one feature (sub-category).<\/span><\/p><p><span style=\"font-size: 20px; letter-spacing: 0.3px;\">Head back to <strong>Dashboard\u00a0<\/strong>and go to <strong>Listings<\/strong>. Hit <strong>&#8216;+Add Listing&#8217;\u00a0<\/strong>at the top of the screen. <\/span><\/p><p><span style=\"font-size: 20px; letter-spacing: 0.3px;\">Select <strong>De base (R\u00e9pertoire)<\/strong><\/span><\/p><p><span style=\"font-size: 20px; letter-spacing: 0.3px;\">Relisez les am\u00e9liorations aux r\u00e9pertoires et choisissez ce qui convient le mieux \u00e0 votre compagnie.\u00a0<\/span><\/p><p>\u00a0<\/p>\t\t\t\t\t\t\t\t<\/div>\n\t\t\t\t<\/div>\n\t\t\t\t\t<\/div>\n\t\t<\/div>\n\t\t\t\t\t<\/div>\n\t\t<\/section>\n\t\t\t\t<section class=\"elementor-section elementor-top-section elementor-element elementor-element-dc14c95 elementor-section-boxed elementor-section-height-default elementor-section-height-default\" data-id=\"dc14c95\" data-element_type=\"section\" data-e-type=\"section\">\n\t\t\t\t\t\t<div class=\"elementor-container elementor-column-gap-default\">\n\t\t\t\t\t<div class=\"elementor-column elementor-col-100 elementor-top-column elementor-element elementor-element-ac29e6e\" data-id=\"ac29e6e\" data-element_type=\"column\" data-e-type=\"column\">\n\t\t\t<div class=\"elementor-widget-wrap elementor-element-populated\">\n\t\t\t\t\t\t<div class=\"elementor-element elementor-element-2c716eb elementor-widget elementor-widget-heading\" data-id=\"2c716eb\" data-element_type=\"widget\" data-e-type=\"widget\" data-widget_type=\"heading.default\">\n\t\t\t\t<div class=\"elementor-widget-container\">\n\t\t\t\t\t<h2 class=\"elementor-heading-title elementor-size-default\">Want to stand out?  Upgrade to an enhanced or premium listing<\/h2>\t\t\t\t<\/div>\n\t\t\t\t<\/div>\n\t\t\t\t\t<\/div>\n\t\t<\/div>\n\t\t\t\t\t<\/div>\n\t\t<\/section>\n\t\t\t\t<section class=\"elementor-section elementor-top-section elementor-element elementor-element-2f65ad5 elementor-section-boxed elementor-section-height-default elementor-section-height-default\" data-id=\"2f65ad5\" data-element_type=\"section\" data-e-type=\"section\">\n\t\t\t\t\t\t<div class=\"elementor-container elementor-column-gap-default\">\n\t\t\t\t\t<div class=\"elementor-column elementor-col-100 elementor-top-column elementor-element elementor-element-eee125b\" data-id=\"eee125b\" data-element_type=\"column\" data-e-type=\"column\">\n\t\t\t<div class=\"elementor-widget-wrap elementor-element-populated\">\n\t\t\t\t\t\t<div class=\"elementor-element elementor-element-0cf5799 elementor-widget elementor-widget-text-editor\" data-id=\"0cf5799\" data-element_type=\"widget\" data-e-type=\"widget\" data-widget_type=\"text-editor.default\">\n\t\t\t\t<div class=\"elementor-widget-container\">\n\t\t\t\t\t\t\t\t\t<p class=\"translation-block\">Retournez \u00e0 \u00ab Tableau de bord \u00bb et allez \u00e0 \u00ab R\u00e9pertoires \u00bb. Tapez \u00ab + Ajouter un r\u00e9pertoire \u00bb au haut de l\u2019\u00e9cran.\u2028<\/p>\n<p><span style=\"font-size: 20px; letter-spacing: 0.3px;\">Relisez les am\u00e9liorations aux r\u00e9pertoires et choisissez ce qui convient le mieux \u00e0 votre compagnie.<\/span><\/p>\n<p><span style=\"color: #ff0000;\"><strong><span style=\"font-size: 20px; letter-spacing: 0.3px;\">HOT TIP: OIAF SPONSORS GET A COMPLIMENTARY PREMIUM LISTING &#8211; contact Kelly Neall&nbsp;<a href=\"mailto:sa***@***************al.ca\" data-original-string=\"R4n6Mi5IuX8FpHUfL53HMA==e44H+8ttb55RmUDoCT6tcU86q8nGOvTNB2Nos47fhyP+n8=\" title=\"This contact has been encoded by Anti-Spam by CleanTalk. Click to decode. To finish the decoding make sure that JavaScript is enabled in your browser.\"><span style=\"color: #000000;\">(kelly@<\/span><\/a><\/span><\/strong><\/span><span style=\"color: #000000;\"><strong><span style=\"font-size: 20px; letter-spacing: 0.3px;\">animationfestival<\/span><\/strong><strong><span style=\"font-size: 20px; letter-spacing: 0.3px;\">.ca)<\/span><\/strong><\/span><\/p>\t\t\t\t\t\t\t\t<\/div>\n\t\t\t\t<\/div>\n\t\t\t\t\t<\/div>\n\t\t<\/div>\n\t\t\t\t\t<\/div>\n\t\t<\/section>\n\t\t\t\t<section class=\"elementor-section elementor-top-section elementor-element elementor-element-bf11171 elementor-section-boxed elementor-section-height-default elementor-section-height-default\" data-id=\"bf11171\" data-element_type=\"section\" data-e-type=\"section\">\n\t\t\t\t\t\t<div class=\"elementor-container elementor-column-gap-default\">\n\t\t\t\t\t<div class=\"elementor-column elementor-col-100 elementor-top-column elementor-element elementor-element-74ee3f1\" data-id=\"74ee3f1\" data-element_type=\"column\" data-e-type=\"column\">\n\t\t\t<div class=\"elementor-widget-wrap elementor-element-populated\">\n\t\t\t\t\t\t<div class=\"elementor-element elementor-element-5cfe172 elementor-widget elementor-widget-heading\" data-id=\"5cfe172\" data-element_type=\"widget\" data-e-type=\"widget\" data-widget_type=\"heading.default\">\n\t\t\t\t<div class=\"elementor-widget-container\">\n\t\t\t\t\t<h2 class=\"elementor-heading-title elementor-size-default\">J\u2019ai soumis mon ou mes r\u00e9pertoire(s). Que fais-je maintenant?<\/h2>\t\t\t\t<\/div>\n\t\t\t\t<\/div>\n\t\t\t\t\t<\/div>\n\t\t<\/div>\n\t\t\t\t\t<\/div>\n\t\t<\/section>\n\t\t\t\t<section class=\"elementor-section elementor-top-section elementor-element elementor-element-cb5b29c elementor-section-boxed elementor-section-height-default elementor-section-height-default\" data-id=\"cb5b29c\" data-element_type=\"section\" data-e-type=\"section\">\n\t\t\t\t\t\t<div class=\"elementor-container elementor-column-gap-default\">\n\t\t\t\t\t<div class=\"elementor-column elementor-col-100 elementor-top-column elementor-element elementor-element-c5b3713\" data-id=\"c5b3713\" data-element_type=\"column\" data-e-type=\"column\">\n\t\t\t<div class=\"elementor-widget-wrap elementor-element-populated\">\n\t\t\t\t\t\t<div class=\"elementor-element elementor-element-d2f3f5b elementor-widget elementor-widget-text-editor\" data-id=\"d2f3f5b\" data-element_type=\"widget\" data-e-type=\"widget\" data-widget_type=\"text-editor.default\">\n\t\t\t\t<div class=\"elementor-widget-container\">\n\t\t\t\t\t\t\t\t\t<p><span style=\"font-size: 20px; letter-spacing: 0.3px;\">L\u2019\u00e9quipe de l\u2019OIAF examinera votre r\u00e9pertoire pour s\u2019assurer que vous \u00eates v\u00e9ritablement une\ncompagnie ou un professionnel de l\u2019animation canadien. Si vous avez un r\u00e9pertoire\nsuppl\u00e9mentaire, un r\u00e9pertoire enrichi ou un r\u00e9pertoire de premier plan, vous vous enverrons\nune facture.<\/span><\/p>\t\t\t\t\t\t\t\t<\/div>\n\t\t\t\t<\/div>\n\t\t\t\t\t<\/div>\n\t\t<\/div>\n\t\t\t\t\t<\/div>\n\t\t<\/section>\n\t\t\t\t<section class=\"elementor-section elementor-top-section elementor-element elementor-element-813f4c9 elementor-section-boxed elementor-section-height-default elementor-section-height-default\" data-id=\"813f4c9\" data-element_type=\"section\" data-e-type=\"section\">\n\t\t\t\t\t\t<div class=\"elementor-container elementor-column-gap-default\">\n\t\t\t\t\t<div class=\"elementor-column elementor-col-100 elementor-top-column elementor-element elementor-element-8a3dd47\" data-id=\"8a3dd47\" data-element_type=\"column\" data-e-type=\"column\">\n\t\t\t<div class=\"elementor-widget-wrap elementor-element-populated\">\n\t\t\t\t\t\t<div class=\"elementor-element elementor-element-58c3baa elementor-widget elementor-widget-heading\" data-id=\"58c3baa\" data-element_type=\"widget\" data-e-type=\"widget\" data-widget_type=\"heading.default\">\n\t\t\t\t<div class=\"elementor-widget-container\">\n\t\t\t\t\t<h2 class=\"elementor-heading-title elementor-size-default\">D\u2019autres questions?<\/h2>\t\t\t\t<\/div>\n\t\t\t\t<\/div>\n\t\t\t\t\t<\/div>\n\t\t<\/div>\n\t\t\t\t\t<\/div>\n\t\t<\/section>\n\t\t\t\t<section class=\"elementor-section elementor-top-section elementor-element elementor-element-7a658f9 elementor-section-boxed elementor-section-height-default elementor-section-height-default\" data-id=\"7a658f9\" data-element_type=\"section\" data-e-type=\"section\">\n\t\t\t\t\t\t<div class=\"elementor-container elementor-column-gap-default\">\n\t\t\t\t\t<div class=\"elementor-column elementor-col-100 elementor-top-column elementor-element elementor-element-7d1ebb8\" data-id=\"7d1ebb8\" data-element_type=\"column\" data-e-type=\"column\">\n\t\t\t<div class=\"elementor-widget-wrap elementor-element-populated\">\n\t\t\t\t\t\t<div class=\"elementor-element elementor-element-93cfef2 elementor-widget elementor-widget-text-editor\" data-id=\"93cfef2\" data-element_type=\"widget\" data-e-type=\"widget\" data-widget_type=\"text-editor.default\">\n\t\t\t\t<div class=\"elementor-widget-container\">\n\t\t\t\t\t\t\t\t\t<p><span style=\"font-size: 20px; letter-spacing: 0.3px;\">Contactez-nous <strong><span \n                data-original-string='GJvEkr76fzRXNs7+\/2jMdg==e44\/eA84vAYtaLtoV7L5iZC6jFmhkwJeDvdsnANrKdqDDw='\n                class='apbct-email-encoder'\n                title='This contact has been encoded by Anti-Spam by CleanTalk. Click to decode. To finish the decoding make sure that JavaScript is enabled in your browser.'>in<span class=\"apbct-blur\">**<\/span>@<span class=\"apbct-blur\">***************<\/span>al.ca<\/span><\/strong> ou composez le <strong>(613)232-8769<\/strong><\/span><\/p>\t\t\t\t\t\t\t\t<\/div>\n\t\t\t\t<\/div>\n\t\t\t\t\t<\/div>\n\t\t<\/div>\n\t\t\t\t\t<\/div>\n\t\t<\/section>\n\t\t\t\t<section class=\"elementor-section elementor-top-section elementor-element elementor-element-95b7fd3 elementor-section-boxed elementor-section-height-default elementor-section-height-default\" data-id=\"95b7fd3\" data-element_type=\"section\" data-e-type=\"section\">\n\t\t\t\t\t\t<div class=\"elementor-container elementor-column-gap-default\">\n\t\t\t\t\t<div class=\"elementor-column elementor-col-100 elementor-top-column elementor-element elementor-element-2facdf2\" data-id=\"2facdf2\" data-element_type=\"column\" data-e-type=\"column\">\n\t\t\t<div class=\"elementor-widget-wrap elementor-element-populated\">\n\t\t\t\t\t\t<div class=\"elementor-element elementor-element-5a9e815 elementor-widget elementor-widget-spacer\" data-id=\"5a9e815\" data-element_type=\"widget\" data-e-type=\"widget\" data-widget_type=\"spacer.default\">\n\t\t\t\t<div class=\"elementor-widget-container\">\n\t\t\t\t\t\t\t<div class=\"elementor-spacer\">\n\t\t\t<div class=\"elementor-spacer-inner\"><\/div>\n\t\t<\/div>\n\t\t\t\t\t\t<\/div>\n\t\t\t\t<\/div>\n\t\t\t\t\t<\/div>\n\t\t<\/div>\n\t\t\t\t\t<\/div>\n\t\t<\/section>\n\t\t\t\t<\/div>","protected":false},"excerpt":{"rendered":"<p>The Canadian Animation Directory is an exhaustive and indispensable website for individuals and companies wishing to discover the Canadian animation industry. The site is researched and updated by the team at the Ottawa International Animation Festival. All qualified Canadian animation professionals, individuals, and companies get one FREE\u00a0Basic Listing which comes with one category and one [&hellip;]<\/p>","protected":false},"author":1,"featured_media":0,"parent":0,"menu_order":0,"comment_status":"closed","ping_status":"closed","template":"","meta":{"footnotes":""},"class_list":["post-5450","page","type-page","status-publish","hentry"],"_links":{"self":[{"href":"https:\/\/animationdirectory.ca\/fr\/wp-json\/wp\/v2\/pages\/5450","targetHints":{"allow":["GET"]}}],"collection":[{"href":"https:\/\/animationdirectory.ca\/fr\/wp-json\/wp\/v2\/pages"}],"about":[{"href":"https:\/\/animationdirectory.ca\/fr\/wp-json\/wp\/v2\/types\/page"}],"author":[{"embeddable":true,"href":"https:\/\/animationdirectory.ca\/fr\/wp-json\/wp\/v2\/users\/1"}],"replies":[{"embeddable":true,"href":"https:\/\/animationdirectory.ca\/fr\/wp-json\/wp\/v2\/comments?post=5450"}],"version-history":[{"count":94,"href":"https:\/\/animationdirectory.ca\/fr\/wp-json\/wp\/v2\/pages\/5450\/revisions"}],"predecessor-version":[{"id":6821,"href":"https:\/\/animationdirectory.ca\/fr\/wp-json\/wp\/v2\/pages\/5450\/revisions\/6821"}],"wp:attachment":[{"href":"https:\/\/animationdirectory.ca\/fr\/wp-json\/wp\/v2\/media?parent=5450"}],"curies":[{"name":"wp","href":"https:\/\/api.w.org\/{rel}","templated":true}]}}