{"id":168,"date":"2022-11-16T20:27:56","date_gmt":"2022-11-16T20:27:56","guid":{"rendered":"http:\/\/animationdirectory-ca.preview-domain.com\/?page_id=168"},"modified":"2023-04-27T13:26:50","modified_gmt":"2023-04-27T13:26:50","slug":"about-us","status":"publish","type":"page","link":"https:\/\/animationdirectory.ca\/fr\/about-us\/","title":{"rendered":"\u00c0 propos"},"content":{"rendered":"<div data-elementor-type=\"wp-page\" data-elementor-id=\"168\" class=\"elementor elementor-168\">\n\t\t\t\t\t\t<section class=\"elementor-section elementor-top-section elementor-element elementor-element-17e0d20 elementor-section-boxed elementor-section-height-default elementor-section-height-default\" data-id=\"17e0d20\" data-element_type=\"section\" data-e-type=\"section\">\n\t\t\t\t\t\t<div class=\"elementor-container elementor-column-gap-default\">\n\t\t\t\t\t<div class=\"elementor-column elementor-col-100 elementor-top-column elementor-element elementor-element-b15e58f\" data-id=\"b15e58f\" data-element_type=\"column\" data-e-type=\"column\">\n\t\t\t<div class=\"elementor-widget-wrap elementor-element-populated\">\n\t\t\t\t\t\t<div class=\"elementor-element elementor-element-eee9ed7 elementor-widget elementor-widget-spacer\" data-id=\"eee9ed7\" data-element_type=\"widget\" data-e-type=\"widget\" data-widget_type=\"spacer.default\">\n\t\t\t\t<div class=\"elementor-widget-container\">\n\t\t\t\t\t\t\t<div class=\"elementor-spacer\">\n\t\t\t<div class=\"elementor-spacer-inner\"><\/div>\n\t\t<\/div>\n\t\t\t\t\t\t<\/div>\n\t\t\t\t<\/div>\n\t\t\t\t<div class=\"elementor-element elementor-element-68a75c3 elementor-widget elementor-widget-heading\" data-id=\"68a75c3\" data-element_type=\"widget\" data-e-type=\"widget\" data-widget_type=\"heading.default\">\n\t\t\t\t<div class=\"elementor-widget-container\">\n\t\t\t\t\t<h2 class=\"elementor-heading-title elementor-size-default\">Qui Sommes Nous?<\/h2>\t\t\t\t<\/div>\n\t\t\t\t<\/div>\n\t\t\t\t\t<\/div>\n\t\t<\/div>\n\t\t\t\t\t<\/div>\n\t\t<\/section>\n\t\t\t\t<section class=\"elementor-section elementor-top-section elementor-element elementor-element-f05c901 elementor-section-boxed elementor-section-height-default elementor-section-height-default\" data-id=\"f05c901\" data-element_type=\"section\" data-e-type=\"section\">\n\t\t\t\t\t\t<div class=\"elementor-container elementor-column-gap-default\">\n\t\t\t\t\t<div class=\"elementor-column elementor-col-100 elementor-top-column elementor-element elementor-element-cb6ece7\" data-id=\"cb6ece7\" data-element_type=\"column\" data-e-type=\"column\">\n\t\t\t<div class=\"elementor-widget-wrap elementor-element-populated\">\n\t\t\t\t\t\t<div class=\"elementor-element elementor-element-102cb32 elementor-widget elementor-widget-text-editor\" data-id=\"102cb32\" data-element_type=\"widget\" data-e-type=\"widget\" data-widget_type=\"text-editor.default\">\n\t\t\t\t<div class=\"elementor-widget-container\">\n\t\t\t\t\t\t\t\t\t<p class=\"p1\" style=\"text-align: center;\"><span style=\"color: #000000; letter-spacing: 0.3px;\">&nbsp;<\/span><\/p>\n<p class=\"p1\" style=\"text-align: center;\"><span style=\"color: #000000; letter-spacing: 0.3px;\">L'Annuaire canadien de l\u2019animation est un guide pr\u00e9cis et d\u00e9taill\u00e9 de l\u2019industrie canadienne de l\u2019animation.&nbsp;<\/span><\/p>\n<p class=\"p1\" style=\"text-align: center;\"><span style=\"color: #000000;\">Couvrant un large \u00e9ventail de la sc\u00e8ne de l\u2019animation du Canada, il met en lumi\u00e8re<\/span><\/p>\n<p class=\"p1\" style=\"text-align: center;\"><span style=\"color: #000000;\">&nbsp;es entreprises de production&nbsp;<\/span><span style=\"color: rgb(0, 0, 0); letter-spacing: 0.3px;\">\u00e9tablies et \u00e9mergentes, les organismes de financement, les \u00e9coles et les services de postproduction.<\/span><\/p>\n<p class=\"p1\" style=\"text-align: center;\"><span style=\"color: #000000;\">&nbsp;<\/span><\/p>\n<p class=\"p1\" style=\"text-align: center;\"><span style=\"color: #000000;\">&nbsp;<\/span><\/p>\n<p class=\"p1\" style=\"text-align: center;\"><span style=\"color: #000000;\">Compil\u00e9 et publi\u00e9 par l\u2019\u00e9quipe du Festival international d\u2019animation d\u2019Ottawa (OIAF), l'annuaire&nbsp;<\/span><\/p>\n<p class=\"p1\" style=\"text-align: center;\"><span style=\"color: #000000;\">est une excellente ressource pour les professionnels, les \u00e9tudiants, les artistes ind\u00e9pendants,&nbsp;<\/span><\/p>\n<p class=\"p1\" style=\"text-align: center;\"><span style=\"color: #000000;\">les organismes et les chefs de file de l\u2019industrie.&nbsp;<\/span><\/p>\n<p class=\"p1\" style=\"text-align: center;\"><span style=\"color: #000000;\">L\u2019OIAF est le plus important festival d\u2019animation en Am\u00e9rique du Nord, lui-m\u00eame organis\u00e9 par l\u2019Institut canadien du film (ICF), un organisme sans but lucratif.&nbsp;&nbsp;<\/span><\/p>\n<p class=\"p1\" style=\"text-align: center;\"><span style=\"color: #000000;\">&nbsp;<\/span><\/p>\n<p class=\"p1\" style=\"text-align: center;\"><span style=\"color: #000000;\">&nbsp;<\/span><\/p>\n<p class=\"p1\" style=\"text-align: center;\"><span style=\"color: #000000;\">Le Festival international d\u2019animation d\u2019Ottawa (OIAF) est l\u2019un des \u00e9v\u00e9nements d\u2019animation les plus influents du monde.<\/span><\/p>\n<p class=\"p1\" style=\"text-align: center;\"><span style=\"color: #000000;\">&nbsp;Il offre des projections, des expositions, des ateliers et du divertissement depuis 1976. L\u2019OIAF est un \u00e9v\u00e9nement annuel d\u2019une dur\u00e9e de cinq jours qui rassemble l\u2019art et l\u2019industrie en un carrefour vibrant.<\/span><\/p><p class=\"p1\" style=\"text-align: center;\"><span style=\"color: #000000;\">&nbsp;Cette ann\u00e9e, il se tiendra<\/span><\/p><p class=\"p1\" style=\"text-align: center;\"><span style=\"color: #000000;\">&nbsp;\u00e0 Ottawa du 20 au 24 septembre 2023.<\/span><\/p>\t\t\t\t\t\t\t\t<\/div>\n\t\t\t\t<\/div>\n\t\t\t\t\t<\/div>\n\t\t<\/div>\n\t\t\t\t\t<\/div>\n\t\t<\/section>\n\t\t\t\t<section class=\"elementor-section elementor-top-section elementor-element elementor-element-6c8eba6 elementor-section-boxed elementor-section-height-default elementor-section-height-default\" data-id=\"6c8eba6\" data-element_type=\"section\" data-e-type=\"section\">\n\t\t\t\t\t\t<div class=\"elementor-container elementor-column-gap-default\">\n\t\t\t\t\t<div class=\"elementor-column elementor-col-50 elementor-top-column elementor-element elementor-element-3270389\" data-id=\"3270389\" data-element_type=\"column\" data-e-type=\"column\">\n\t\t\t<div class=\"elementor-widget-wrap elementor-element-populated\">\n\t\t\t\t\t\t<div class=\"elementor-element elementor-element-84a9bd9 elementor-align-center elementor-widget elementor-widget-button\" data-id=\"84a9bd9\" data-element_type=\"widget\" data-e-type=\"widget\" data-widget_type=\"button.default\">\n\t\t\t\t<div class=\"elementor-widget-container\">\n\t\t\t\t\t\t\t\t\t<div class=\"elementor-button-wrapper\">\n\t\t\t\t\t<a class=\"elementor-button elementor-button-link elementor-size-sm elementor-animation-pulse\" href=\"https:\/\/www.animationfestival.ca\/\">\n\t\t\t\t\t\t<span class=\"elementor-button-content-wrapper\">\n\t\t\t\t\t\t\t\t\t<span class=\"elementor-button-text\"><p style=\"color:white\">VISITEZ LE SITE DE L\u2019OIAF<\/p><\/span>\n\t\t\t\t\t<\/span>\n\t\t\t\t\t<\/a>\n\t\t\t\t<\/div>\n\t\t\t\t\t\t\t\t<\/div>\n\t\t\t\t<\/div>\n\t\t\t\t\t<\/div>\n\t\t<\/div>\n\t\t\t\t<div class=\"elementor-column elementor-col-50 elementor-top-column elementor-element elementor-element-a13edae\" data-id=\"a13edae\" data-element_type=\"column\" data-e-type=\"column\">\n\t\t\t<div class=\"elementor-widget-wrap elementor-element-populated\">\n\t\t\t\t\t\t<div class=\"elementor-element elementor-element-37d1cd0 elementor-align-center elementor-widget elementor-widget-button\" data-id=\"37d1cd0\" data-element_type=\"widget\" data-e-type=\"widget\" data-widget_type=\"button.default\">\n\t\t\t\t<div class=\"elementor-widget-container\">\n\t\t\t\t\t\t\t\t\t<div class=\"elementor-button-wrapper\">\n\t\t\t\t\t<a class=\"elementor-button elementor-button-link elementor-size-sm elementor-animation-pulse\" href=\"https:\/\/www.cfi-icf.ca\/\">\n\t\t\t\t\t\t<span class=\"elementor-button-content-wrapper\">\n\t\t\t\t\t\t\t\t\t<span class=\"elementor-button-text\"><p style=\"color:white\"> VISITEZ LE SITE DE  L\u2019ICF<\/p><\/span>\n\t\t\t\t\t<\/span>\n\t\t\t\t\t<\/a>\n\t\t\t\t<\/div>\n\t\t\t\t\t\t\t\t<\/div>\n\t\t\t\t<\/div>\n\t\t\t\t\t<\/div>\n\t\t<\/div>\n\t\t\t\t\t<\/div>\n\t\t<\/section>\n\t\t\t\t<section class=\"elementor-section elementor-top-section elementor-element elementor-element-e20815b elementor-section-boxed elementor-section-height-default elementor-section-height-default\" data-id=\"e20815b\" data-element_type=\"section\" data-e-type=\"section\">\n\t\t\t\t\t\t<div class=\"elementor-container elementor-column-gap-default\">\n\t\t\t\t\t<div class=\"elementor-column elementor-col-50 elementor-top-column elementor-element elementor-element-8698980\" data-id=\"8698980\" data-element_type=\"column\" data-e-type=\"column\">\n\t\t\t<div class=\"elementor-widget-wrap elementor-element-populated\">\n\t\t\t\t\t\t<div class=\"elementor-element elementor-element-0b8ed06 elementor-widget elementor-widget-image\" data-id=\"0b8ed06\" data-element_type=\"widget\" data-e-type=\"widget\" data-widget_type=\"image.default\">\n\t\t\t\t<div class=\"elementor-widget-container\">\n\t\t\t\t\t\t\t\t\t\t\t\t\t\t\t<img fetchpriority=\"high\" decoding=\"async\" width=\"500\" height=\"500\" src=\"https:\/\/animationdirectory.ca\/wp-content\/uploads\/2023\/02\/Untitled-design-5-1.png\" class=\"attachment-medium_large size-medium_large wp-image-5114\" alt=\"\" srcset=\"https:\/\/animationdirectory.ca\/wp-content\/uploads\/2023\/02\/Untitled-design-5-1.png 500w, https:\/\/animationdirectory.ca\/wp-content\/uploads\/2023\/02\/Untitled-design-5-1-200x200.png 200w, https:\/\/animationdirectory.ca\/wp-content\/uploads\/2023\/02\/Untitled-design-5-1-150x150.png 150w, https:\/\/animationdirectory.ca\/wp-content\/uploads\/2023\/02\/Untitled-design-5-1-63x63.png 63w, https:\/\/animationdirectory.ca\/wp-content\/uploads\/2023\/02\/Untitled-design-5-1-84x84.png 84w\" sizes=\"(max-width: 500px) 100vw, 500px\" \/>\t\t\t\t\t\t\t\t\t\t\t\t\t\t\t<\/div>\n\t\t\t\t<\/div>\n\t\t\t\t\t<\/div>\n\t\t<\/div>\n\t\t\t\t<div class=\"elementor-column elementor-col-50 elementor-top-column elementor-element elementor-element-bd9d536\" data-id=\"bd9d536\" data-element_type=\"column\" data-e-type=\"column\">\n\t\t\t<div class=\"elementor-widget-wrap elementor-element-populated\">\n\t\t\t\t\t\t<div class=\"elementor-element elementor-element-702a3f9 elementor-widget elementor-widget-image\" data-id=\"702a3f9\" data-element_type=\"widget\" data-e-type=\"widget\" data-widget_type=\"image.default\">\n\t\t\t\t<div class=\"elementor-widget-container\">\n\t\t\t\t\t\t\t\t\t\t\t\t\t\t\t<img decoding=\"async\" width=\"500\" height=\"500\" src=\"https:\/\/animationdirectory.ca\/wp-content\/uploads\/2023\/02\/Untitled-design-1.png\" class=\"attachment-large size-large wp-image-5068\" alt=\"\" srcset=\"https:\/\/animationdirectory.ca\/wp-content\/uploads\/2023\/02\/Untitled-design-1.png 500w, https:\/\/animationdirectory.ca\/wp-content\/uploads\/2023\/02\/Untitled-design-1-300x300.png 300w, https:\/\/animationdirectory.ca\/wp-content\/uploads\/2023\/02\/Untitled-design-1-63x63.png 63w, https:\/\/animationdirectory.ca\/wp-content\/uploads\/2023\/02\/Untitled-design-1-84x84.png 84w\" sizes=\"(max-width: 500px) 100vw, 500px\" \/>\t\t\t\t\t\t\t\t\t\t\t\t\t\t\t<\/div>\n\t\t\t\t<\/div>\n\t\t\t\t\t<\/div>\n\t\t<\/div>\n\t\t\t\t\t<\/div>\n\t\t<\/section>\n\t\t\t\t<\/div>","protected":false},"excerpt":{"rendered":"<p>Who are We? &nbsp; The Canadian Animation Directory is an accurate and comprehensive guide to the Canadian&nbsp; Animation industry. Covering a broad spectrum of Canada&#8217;s animation scene, it highlights existing &nbsp;and emerging production&nbsp;companies, funding agencies , schools and post-production services. &nbsp; &nbsp; Researched and published by the Ottawa International Animation Festival team (OIAF), the&nbsp; directory [&hellip;]<\/p>","protected":false},"author":1,"featured_media":0,"parent":0,"menu_order":0,"comment_status":"closed","ping_status":"closed","template":"","meta":{"footnotes":""},"class_list":["post-168","page","type-page","status-publish","hentry"],"_links":{"self":[{"href":"https:\/\/animationdirectory.ca\/fr\/wp-json\/wp\/v2\/pages\/168","targetHints":{"allow":["GET"]}}],"collection":[{"href":"https:\/\/animationdirectory.ca\/fr\/wp-json\/wp\/v2\/pages"}],"about":[{"href":"https:\/\/animationdirectory.ca\/fr\/wp-json\/wp\/v2\/types\/page"}],"author":[{"embeddable":true,"href":"https:\/\/animationdirectory.ca\/fr\/wp-json\/wp\/v2\/users\/1"}],"replies":[{"embeddable":true,"href":"https:\/\/animationdirectory.ca\/fr\/wp-json\/wp\/v2\/comments?post=168"}],"version-history":[{"count":107,"href":"https:\/\/animationdirectory.ca\/fr\/wp-json\/wp\/v2\/pages\/168\/revisions"}],"predecessor-version":[{"id":5512,"href":"https:\/\/animationdirectory.ca\/fr\/wp-json\/wp\/v2\/pages\/168\/revisions\/5512"}],"wp:attachment":[{"href":"https:\/\/animationdirectory.ca\/fr\/wp-json\/wp\/v2\/media?parent=168"}],"curies":[{"name":"wp","href":"https:\/\/api.w.org\/{rel}","templated":true}]}}